{"id":891,"date":"2022-08-27T12:12:48","date_gmt":"2022-08-27T12:12:48","guid":{"rendered":"https:\/\/asturmint.com\/?post_type=product&#038;p=891"},"modified":"2026-03-24T16:04:42","modified_gmt":"2026-03-24T15:04:42","slug":"around-the-world-in-80-days","status":"publish","type":"product","link":"https:\/\/asturmint.com\/pl\/product\/around-the-world-in-80-days\/","title":{"rendered":"Podr\u00f3\u017c na s\u0142oniu"},"content":{"rendered":"","protected":false},"excerpt":{"rendered":"","protected":false},"featured_media":1858,"comment_status":"open","ping_status":"closed","template":"","meta":{"inline_featured_image":false},"class_list":["post-891","product","type-product","status-publish","has-post-thumbnail","hentry","product_collections-around-the-world-in-80-days","product_collections-jules-verne-collection"],"acf":[],"_links":{"self":[{"href":"https:\/\/asturmint.com\/pl\/wp-json\/wp\/v2\/product\/891","targetHints":{"allow":["GET"]}}],"collection":[{"href":"https:\/\/asturmint.com\/pl\/wp-json\/wp\/v2\/product"}],"about":[{"href":"https:\/\/asturmint.com\/pl\/wp-json\/wp\/v2\/types\/product"}],"replies":[{"embeddable":true,"href":"https:\/\/asturmint.com\/pl\/wp-json\/wp\/v2\/comments?post=891"}],"wp:featuredmedia":[{"embeddable":true,"href":"https:\/\/asturmint.com\/pl\/wp-json\/wp\/v2\/media\/1858"}],"wp:attachment":[{"href":"https:\/\/asturmint.com\/pl\/wp-json\/wp\/v2\/media?parent=891"}],"curies":[{"name":"wp","href":"https:\/\/api.w.org\/{rel}","templated":true}]}}