{"id":3622,"date":"2024-07-04T22:19:27","date_gmt":"2024-07-04T21:19:27","guid":{"rendered":"https:\/\/asturmint.com\/?post_type=product&#038;p=3622"},"modified":"2024-07-04T23:34:49","modified_gmt":"2024-07-04T22:34:49","slug":"independence-day","status":"publish","type":"product","link":"https:\/\/asturmint.com\/pl\/product\/independence-day\/","title":{"rendered":"Dzie\u0144 Niepodleg\u0142o\u015bci 2024"},"content":{"rendered":"","protected":false},"excerpt":{"rendered":"","protected":false},"featured_media":3625,"comment_status":"open","ping_status":"closed","template":"","meta":{"inline_featured_image":false},"class_list":["post-3622","product","type-product","status-publish","has-post-thumbnail","hentry","product_collections-independence-day"],"acf":[],"_links":{"self":[{"href":"https:\/\/asturmint.com\/pl\/wp-json\/wp\/v2\/product\/3622","targetHints":{"allow":["GET"]}}],"collection":[{"href":"https:\/\/asturmint.com\/pl\/wp-json\/wp\/v2\/product"}],"about":[{"href":"https:\/\/asturmint.com\/pl\/wp-json\/wp\/v2\/types\/product"}],"replies":[{"embeddable":true,"href":"https:\/\/asturmint.com\/pl\/wp-json\/wp\/v2\/comments?post=3622"}],"wp:featuredmedia":[{"embeddable":true,"href":"https:\/\/asturmint.com\/pl\/wp-json\/wp\/v2\/media\/3625"}],"wp:attachment":[{"href":"https:\/\/asturmint.com\/pl\/wp-json\/wp\/v2\/media?parent=3622"}],"curies":[{"name":"wp","href":"https:\/\/api.w.org\/{rel}","templated":true}]}}