{"id":3571,"date":"2024-06-29T15:05:45","date_gmt":"2024-06-29T14:05:45","guid":{"rendered":"https:\/\/asturmint.com\/?post_type=product&#038;p=3571"},"modified":"2026-03-24T16:04:35","modified_gmt":"2026-03-24T15:04:35","slug":"train-trip","status":"publish","type":"product","link":"https:\/\/asturmint.com\/pl\/product\/train-trip\/","title":{"rendered":"Podr\u00f3\u017c Poci\u0105giem"},"content":{"rendered":"","protected":false},"excerpt":{"rendered":"","protected":false},"featured_media":3572,"comment_status":"open","ping_status":"closed","template":"","meta":{"inline_featured_image":false},"class_list":["post-3571","product","type-product","status-publish","has-post-thumbnail","hentry","product_collections-around-the-world-in-80-days","product_collections-jules-verne-collection"],"acf":[],"_links":{"self":[{"href":"https:\/\/asturmint.com\/pl\/wp-json\/wp\/v2\/product\/3571","targetHints":{"allow":["GET"]}}],"collection":[{"href":"https:\/\/asturmint.com\/pl\/wp-json\/wp\/v2\/product"}],"about":[{"href":"https:\/\/asturmint.com\/pl\/wp-json\/wp\/v2\/types\/product"}],"replies":[{"embeddable":true,"href":"https:\/\/asturmint.com\/pl\/wp-json\/wp\/v2\/comments?post=3571"}],"wp:featuredmedia":[{"embeddable":true,"href":"https:\/\/asturmint.com\/pl\/wp-json\/wp\/v2\/media\/3572"}],"wp:attachment":[{"href":"https:\/\/asturmint.com\/pl\/wp-json\/wp\/v2\/media?parent=3571"}],"curies":[{"name":"wp","href":"https:\/\/api.w.org\/{rel}","templated":true}]}}