{"id":613,"date":"2022-08-15T09:29:53","date_gmt":"2022-08-15T09:29:53","guid":{"rendered":"https:\/\/asturmint.com\/?page_id=613"},"modified":"2023-11-29T23:20:10","modified_gmt":"2023-11-29T22:20:10","slug":"privacy-policy","status":"publish","type":"page","link":"https:\/\/asturmint.com\/es\/privacy-policy\/","title":{"rendered":"Pol\u00edtica de privacidad"},"content":{"rendered":"<p><\/p>\n<p style=\"text-align: justify;\">A 15 de noviembre de 2023<\/p>\n<p style=\"text-align: justify;\"><strong>\u00a0<\/strong><\/p>\n<p style=\"text-align: justify;\"><strong><u>PRINCIPIOS GENERALES:<\/u><\/strong><\/p>\n<p>Esta declaraci\u00f3n de protecci\u00f3n de datos proporciona informaci\u00f3n sobre el tratamiento de los datos de los usuarios por parte de Silvercoins Europe Istoc &amp; Fernandez Sp\u00f3\u0142ka jawna, propietaria del sitio web <a href=\"http:\/\/www.asturmint.com\">www.asturmint.com<\/a>.<\/p>\n<ol>\n<li>El responsable del tratamiento de los datos es SILVERCOINS EUROPE ISTOC &amp; FERNANDEZ SP\u00d3\u0141KA JAWNA (en lo sucesivo, SCE), con domicilio social en Ostrowiec \u015awi\u0119tokrzyski, ul. Nowe Piaski 10, inscrita en el registro de empresarios llevado por el Tribunal de Distrito de Wroc\u0142aw, del Registro Nacional de Tribunales con el n\u00famero KRS 0000978101.<\/li>\n<li>En materia de datos personales puede dirigirse a: info@asturmint.com.<\/li>\n<li>Todas las actividades de ASTURMINT est\u00e1n sujetas a la legislaci\u00f3n aplicable en materia de protecci\u00f3n de datos y al Reglamento General de Protecci\u00f3n de Datos:<\/li>\n<\/ol>\n<ul>\n<li>Lo dispuesto en el Reglamento (UE) 2016\/679 del Parlamento Europeo y del Consejo, de 27 de abril de 2016, relativo a la protecci\u00f3n de las personas f\u00edsicas en lo que respecta al tratamiento de datos personales y a la libre circulaci\u00f3n de estos datos y por el que se deroga la Directiva 95\/46\/CE (en adelante: RODO, ley de 10 de mayo de 2018 de protecci\u00f3n de datos de car\u00e1cter personal.),<\/li>\n<li>Ley de 18 de julio de 2002 relativa a la prestaci\u00f3n de servicios por v\u00eda electr\u00f3nica,<\/li>\n<li>Ley de 16 de julio de 2004 sobre telecomunicaciones.<\/li>\n<\/ul>\n<ol style=\"text-align: justify;\" start=\"4\">\n<li>Con el fin de proteger los datos recogidos, SCE los protege del acceso il\u00edcito de terceros y controla los m\u00e9todos de recogida, almacenamiento y tratamiento de la informaci\u00f3n.<\/li>\n<li>El uso de la funcionalidad del sitio web supone la aceptaci\u00f3n de la pol\u00edtica de privacidad del sitio web.<\/li>\n<li>Los datos de car\u00e1cter personal se facilitan de forma voluntaria, a trav\u00e9s de los formularios disponibles en la p\u00e1gina web www.asturmint.com o mediante el correo electr\u00f3nico disponible en la citada p\u00e1gina web.<\/li>\n<li>Los datos personales proporcionados se utilizan para realizar actividades como la verificaci\u00f3n y el registro para adquirir productos disponibles en el sitio web mencionado, as\u00ed como para otros fines siempre que se haya obtenido el consentimiento correspondiente.<\/li>\n<li>La persona que se suscribe al bolet\u00edn informativo disponible en www.asturmint.com declara que es titular de la direcci\u00f3n de correo electr\u00f3nico facilitada o que est\u00e1 autorizada a utilizarla y que acepta recibir correos electr\u00f3nicos automatizados con contenidos relacionados con el perfil empresarial de ASTURMINT. El consentimiento para recibir el bolet\u00edn puede retirarse en cualquier momento y sin necesidad de indicar motivo alguno.<\/li>\n<li>SCE, es el administrador de los datos personales facilitados a trav\u00e9s de los formularios y de la secci\u00f3n \u00abNewsletter\u00bb disponible en <a href=\"http:\/\/www.asturmint.com\">www.asturmint.com<\/a>.<\/li>\n<li>SCE respeta el derecho a la intimidad y no revela datos personales a terceros. Las excepciones son situaciones en las que la divulgaci\u00f3n de datos es requerida por la legislaci\u00f3n aplicable.<\/li>\n<li>El Administrador, de conformidad con el art\u00edculo 6, letra b) del RODO, para la ejecuci\u00f3n del contrato, podr\u00e1 facilitar los datos del usuario a terceros, en la medida en que estas empresas, en virtud de acuerdos celebrados con SCE, realicen actividades relacionadas con la prestaci\u00f3n de servicios requeridos por SCE.<\/li>\n<li>En la medida en que sea necesario para la correcta ejecuci\u00f3n del acuerdo, de conformidad con el art\u00edculo 6, letra b), del RODO, los datos personales tambi\u00e9n podr\u00e1n ponerse a disposici\u00f3n de otras entidades colaboradoras, como empresas contables, jur\u00eddicas, inform\u00e1ticas y de mensajer\u00eda.<\/li>\n<li>La persona que facilite el acceso tiene derecho a consultar y rectificar los datos personales facilitados, as\u00ed como a solicitar el cese de su tratamiento y almacenamiento. Todas las solicitudes deber\u00e1n comunicarse a la direcci\u00f3n del responsable del tratamiento o a la direcci\u00f3n de correo electr\u00f3nico: <a href=\"mailto:info@asturmint.com\">info@asturmint.com<\/a>.<\/li>\n<li>La eliminaci\u00f3n de los datos personales a petici\u00f3n del proveedor de datos provoca la liquidaci\u00f3n de la cuenta y en caso de querer realizar otra compra se requiere un nuevo registro.<\/li>\n<li>Debido al desarrollo de la SCE se reserva el derecho a realizar cambios en la Pol\u00edtica de Privacidad, con la excepci\u00f3n de los cambios relativos al suministro de informaci\u00f3n a terceros sobre los datos personales y de direcci\u00f3n del remitente. Por lo tanto, le recomendamos que lea esta declaraci\u00f3n con regularidad.<\/li>\n<li>Sus datos personales se transfieren desde el formulario de forma segura mediante encriptaci\u00f3n. Utilizamos el sistema de encriptaci\u00f3n SSL (Secure Socket Layer). Adem\u00e1s, nuestros sitios web y otros sistemas, est\u00e1n asegurados a trav\u00e9s de medidas t\u00e9cnicas y organizativas contra la p\u00e9rdida, destrucci\u00f3n, acceso no autorizado, alteraci\u00f3n o difusi\u00f3n de los datos del usuario por personas no autorizadas.<\/li>\n<\/ol>\n<p>&nbsp;<\/p>\n<p style=\"text-align: justify;\"><strong><u>NORMAS RELATIVAS A LA POL\u00cdTICA DE COOKIES:<\/u><\/strong><\/p>\n<ol style=\"text-align: justify;\">\n<li>Las cookies son datos inform\u00e1ticos que se utilizan para utilizar los sitios web y se almacenan en el dispositivo terminal del cliente.<\/li>\n<li>Una persona que utiliza el sitio web www.asturmint.com acepta la colocaci\u00f3n de cookies en su dispositivo terminal mediante la aceptaci\u00f3n de la informaci\u00f3n en el sitio web o autom\u00e1ticamente si el navegador de Internet permite el almacenamiento de cookies por defecto.<\/li>\n<li>En el caso de utilizar el sitio web www.asturmint.com, SCE es la entidad que coloca los archivos cookie en el dispositivo.<\/li>\n<li>SCE recopila datos \u00fanicamente de la informaci\u00f3n contenida en las cookies y no recopila autom\u00e1ticamente otra informaci\u00f3n.<\/li>\n<li>Las cookies se utilizan para realizar estad\u00edsticas que permiten ajustar el contenido a las preferencias de las personas que utilizan el sitio y su optimizaci\u00f3n.<\/li>\n<li>Las cookies colocadas en su dispositivo terminal tambi\u00e9n puede ser utilizado por los anunciantes y socios que trabajan con el operador del sitio y Google.<\/li>\n<li>En el sitio web www.asturmint.com se utiliza un tipo de cookie &#8211; cookies persistentes, que se almacenan en el equipo terminal durante el tiempo especificado en los par\u00e1metros de las cookies o hasta que sean eliminados por la persona que utiliza el sitio.<\/li>\n<li>Cambiar las condiciones de almacenamiento o recepci\u00f3n de cookies es posible mediante la configuraci\u00f3n de los ajustes en su navegador web, que le permite eliminar y modificar la configuraci\u00f3n de las cookies.<\/li>\n<li>La informaci\u00f3n detallada sobre la posibilidad y los m\u00e9todos de uso de cookies est\u00e1 disponible en la configuraci\u00f3n del software (navegador web).<\/li>\n<\/ol>\n<p>&nbsp;<\/p>\n<p style=\"text-align: justify;\"><strong><u>SILVERCOINS EUROPE ISTOC &amp; FERNANDEZ SP\u00d3\u0141KA JAWNA<\/u><\/strong><\/p>\n<p>Nowe Piaski 10<\/p>\n<p>27-400 Ostrowiec \u015awi\u0119tokrzyski &#8211; Poland<\/p>\n<p>Contact: +48 517 909 147<\/p>\n<p>E-mail: info@asturmint.com<\/p>\n<p><u>Inscripci\u00f3n en el registro<\/u>: Registro de empresarios de Wroc\u0142aw del Registro Nacional de Tribunales. N\u00famero en el registro mercantil: KRS 0000425965; N\u00daMERO DE IDENTIFICACI\u00d3N FISCAL DE LA UE: PL8992928783.<\/p>\n<p>&nbsp;<\/p>\n<p><strong><u>DERECHO DE MARCA:<\/u><\/strong><\/p>\n<p style=\"text-align: justify;\">1. Las denominaciones, marcas comerciales, logotipos y nombres de marca mencionados y presentados en el sitio web son propiedad de la SCE.<\/p>\n<p style=\"text-align: justify;\">2. Todos los materiales, es decir, contenidos, gr\u00e1ficos, v\u00eddeos y fotos, colocados en el sitio web son propiedad de la SCE y no pueden utilizarse sin autorizaci\u00f3n. La \u00fanica excepci\u00f3n es el material disponible en la secci\u00f3n \u00abDESCARGAS\u00bb, que s\u00f3lo puede utilizarse para la comercializaci\u00f3n y venta de NUESTROS productos ASTURMINT.<\/p>\n<p>&nbsp;<\/p>\n<p style=\"text-align: justify;\"><strong><u>Para preparar los textos legales en varios idiomas, se ha utilizado un traductor. En caso de que haya cualquier error tipogr\u00e1fico o de interpretaci\u00f3n, prevalece la versi\u00f3n espa\u00f1ola.<\/u><\/strong><\/p>\n<p><\/p>","protected":false},"excerpt":{"rendered":"<p>A 15 de noviembre de 2023 \u00a0 PRINCIPIOS GENERALES: Esta declaraci\u00f3n de protecci\u00f3n de datos proporciona informaci\u00f3n sobre el tratamiento de los datos de los usuarios por parte de Silvercoins Europe Istoc &amp; Fernandez Sp\u00f3\u0142ka jawna, propietaria del sitio web www.asturmint.com. El responsable del tratamiento de los datos es SILVERCOINS EUROPE ISTOC &amp; FERNANDEZ SP\u00d3\u0141KA [&hellip;]<\/p>\n","protected":false},"author":4,"featured_media":0,"parent":0,"menu_order":11,"comment_status":"closed","ping_status":"closed","template":"","meta":{"inline_featured_image":false,"footnotes":""},"class_list":["post-613","page","type-page","status-publish","hentry"],"acf":[],"_links":{"self":[{"href":"https:\/\/asturmint.com\/es\/wp-json\/wp\/v2\/pages\/613","targetHints":{"allow":["GET"]}}],"collection":[{"href":"https:\/\/asturmint.com\/es\/wp-json\/wp\/v2\/pages"}],"about":[{"href":"https:\/\/asturmint.com\/es\/wp-json\/wp\/v2\/types\/page"}],"author":[{"embeddable":true,"href":"https:\/\/asturmint.com\/es\/wp-json\/wp\/v2\/users\/4"}],"replies":[{"embeddable":true,"href":"https:\/\/asturmint.com\/es\/wp-json\/wp\/v2\/comments?post=613"}],"version-history":[{"count":1,"href":"https:\/\/asturmint.com\/es\/wp-json\/wp\/v2\/pages\/613\/revisions"}],"predecessor-version":[{"id":3204,"href":"https:\/\/asturmint.com\/es\/wp-json\/wp\/v2\/pages\/613\/revisions\/3204"}],"wp:attachment":[{"href":"https:\/\/asturmint.com\/es\/wp-json\/wp\/v2\/media?parent=613"}],"curies":[{"name":"wp","href":"https:\/\/api.w.org\/{rel}","templated":true}]}}