{"id":613,"date":"2022-08-15T09:29:53","date_gmt":"2022-08-15T09:29:53","guid":{"rendered":"https:\/\/asturmint.com\/?page_id=613"},"modified":"2023-11-29T23:20:10","modified_gmt":"2023-11-29T22:20:10","slug":"privacy-policy","status":"publish","type":"page","link":"http:\/\/asturmint.com\/de\/privacy-policy\/","title":{"rendered":"Datenschutzrichtlinie"},"content":{"rendered":"<p><\/p>\n<p style=\"text-align: justify;\">Ab dem 15. November 2023<\/p>\n<p>&nbsp;<\/p>\n<p style=\"text-align: justify;\"><strong><u>ALLGEMEINE GRUNDS\u00c4TZE:<\/u><\/strong><\/p>\n<p style=\"text-align: justify;\">Diese Datenschutzerkl\u00e4rung informiert \u00fcber die Verarbeitung von Nutzerdaten durch Silvercoins Europe Istoc &amp; Fernandez Sp\u00f3\u0142ka jawna (im Folgenden SCE), die Eigent\u00fcmerin der Website www.asturmint.com.<\/p>\n<ol style=\"text-align: justify;\">\n<li>Der f\u00fcr die Datenverarbeitung Verantwortliche ist SILVERCOINS EUROPE ISTOC &amp; FERNANDEZ SP\u00d3\u0141KA JAWNA (im Folgenden SCE) mit Sitz in Ostrowiec \u015awi\u0119tokrzyski, ul. Nowe Piaski 10, eingetragen im Unternehmerregister des Bezirksgerichts Wroc\u0142aw des Landesgerichtsregisters unter der KRS-Nummer 0000978101.<\/li>\n<li>In Sachen personenbezogene Daten k\u00f6nnen Sie sich an folgende Adresse wenden: info@asturmint.com.<\/li>\n<li>Alle Aktivit\u00e4ten von ASTURMINT unterliegen den Gesetzen, die f\u00fcr den Datenschutz und die Allgemeine Datenschutzverordnung gelten:<\/li>\n<\/ol>\n<ul style=\"text-align: justify;\">\n<li>Die Bestimmungen der Verordnung (EU) 2016\/679 des Europ\u00e4ischen Parlaments und des Rates vom 27. April 2016 zum Schutz nat\u00fcrlicher Personen bei der Verarbeitung personenbezogener Daten, zum freien Datenverkehr und zur Aufhebung der Richtlinie 95\/46\/EG (im Folgenden: RODO, Gesetz vom 10. Mai 2018 zum Schutz personenbezogener Daten).<\/li>\n<li>Gesetz vom 18. Juli 2002 \u00fcber die Erbringung von Dienstleistungen mit elektronischen Mitteln,<\/li>\n<li>Gesetz vom 16. Juli 2004 zum Telekommunikationsgesetz.<\/li>\n<\/ul>\n<ol style=\"text-align: justify;\" start=\"4\">\n<li>Um die gesammelten Daten zu sch\u00fctzen, sch\u00fctzt SCE sie vor dem unrechtm\u00e4\u00dfigen Zugriff Dritter und kontrolliert die Methoden der Sammlung, Speicherung und Verarbeitung von Informationen.<\/li>\n<li>Mit der Nutzung der Funktionen der Website wird die Datenschutzpolitik der Website akzeptiert.<\/li>\n<li>Die Angabe personenbezogener Daten erfolgt freiwillig \u00fcber die auf der Website www.asturmint.com verf\u00fcgbaren Formulare oder per E-Mail \u00fcber die oben genannte Website.<\/li>\n<li>Die zur Verf\u00fcgung gestellten personenbezogenen Daten werden zur Durchf\u00fchrung von Aktivit\u00e4ten wie der \u00dcberpr\u00fcfung und Registrierung f\u00fcr den Kauf von Produkten, die auf der oben genannten Website angeboten werden, sowie f\u00fcr andere Zwecke verwendet, sofern die entsprechende Zustimmung eingeholt wurde.<\/li>\n<li>Die Person, die den auf www.asturmint.com verf\u00fcgbaren Newsletter abonniert, erkl\u00e4rt, dass sie Inhaber der angegebenen E-Mail-Adresse ist oder berechtigt ist, diese zu nutzen, und dass sie damit einverstanden ist, automatisierte E-Mails mit Inhalten zu erhalten, die sich auf das Gesch\u00e4ftsprofil von ASTURMINT beziehen. Die Zustimmung zum Erhalt des Newsletters kann jederzeit und ohne Angabe von Gr\u00fcnden widerrufen werden.<\/li>\n<li>SCE ist der Verwalter der pers\u00f6nlichen Daten, die \u00fcber die Formulare und den Bereich &#8222;Newsletter&#8220; auf www.asturmint.com zur Verf\u00fcgung gestellt werden.<\/li>\n<li>SCE respektiert das Recht auf Privatsph\u00e4re und gibt keine personenbezogenen Daten an Dritte weiter. Ausnahmen sind Situationen, in denen die Offenlegung von Daten durch geltendes Recht vorgeschrieben ist.<\/li>\n<li>Der Verwalter kann gem\u00e4\u00df Artikel 6 Buchstabe b der RODO zur Erf\u00fcllung des Vertrags die Daten des Nutzers an Dritte weitergeben, sofern diese Unternehmen im Rahmen von mit SCE geschlossenen Vertr\u00e4gen T\u00e4tigkeiten im Zusammenhang mit der Erbringung der von SCE geforderten Dienstleistungen aus\u00fcben.<\/li>\n<li>Soweit dies f\u00fcr die ordnungsgem\u00e4\u00dfe Durchf\u00fchrung des Abkommens erforderlich ist, k\u00f6nnen personenbezogene Daten gem\u00e4\u00df Artikel 6 Buchstabe b der RODO auch anderen kooperierenden Stellen, wie Buchhaltungs-, Rechts-, IT- und Kurierunternehmen, zur Verf\u00fcgung gestellt werden.<\/li>\n<li>Die Person, die Auskunft erteilt, hat das Recht, die \u00fcbermittelten personenbezogenen Daten einzusehen und zu berichtigen sowie die Beendigung ihrer Verarbeitung und Speicherung zu verlangen. Alle Antr\u00e4ge sind an die Anschrift des f\u00fcr die Verarbeitung Verantwortlichen oder an die E-Mail-Adresse info@asturmint.com zu richten.<\/li>\n<li>Die L\u00f6schung der personenbezogenen Daten auf Antrag des Datenlieferanten f\u00fchrt zur Aufl\u00f6sung des Kontos, und im Falle eines erneuten Kaufwunsches ist eine neue Registrierung erforderlich.<\/li>\n<li>Aufgrund der Entwicklung von SCE beh\u00e4lt sich das Unternehmen das Recht vor, \u00c4nderungen an der Datenschutzerkl\u00e4rung vorzunehmen, mit Ausnahme von \u00c4nderungen, die die Weitergabe von Informationen an Dritte \u00fcber die pers\u00f6nlichen und Adressdaten des Absenders betreffen. Wir empfehlen Ihnen daher, diese Erkl\u00e4rung regelm\u00e4\u00dfig zu lesen.<\/li>\n<li>Ihre personenbezogenen Daten werden aus dem Formular sicher und verschl\u00fcsselt \u00fcbertragen. Wir verwenden das Verschl\u00fcsselungssystem SSL (Secure Socket Layer). Dar\u00fcber hinaus sind unsere Websites und sonstigen Systeme durch technische und organisatorische Ma\u00dfnahmen gegen Verlust, Zerst\u00f6rung, unberechtigten Zugriff, Ver\u00e4nderung oder Weitergabe von Nutzerdaten durch unbefugte Personen gesichert.<\/li>\n<\/ol>\n<p>&nbsp;<\/p>\n<p style=\"text-align: justify;\"><strong><u>REGELN F\u00dcR DIE COOKIE-POLITIK:<\/u><\/strong><\/p>\n<ol style=\"text-align: justify;\">\n<li>Cookies sind Computerdaten, die zur Nutzung von Websites verwendet und auf dem Endger\u00e4t des Kunden gespeichert werden.<\/li>\n<li>Eine Person, die die Website www.asturmint.com nutzt, erkl\u00e4rt sich mit der Platzierung von Cookies auf ihrem Endger\u00e4t einverstanden, indem sie die Informationen auf der Website akzeptiert oder automatisch, wenn der Internetbrowser die Speicherung von Cookies standardm\u00e4\u00dfig zul\u00e4sst.<\/li>\n<li>Im Falle der Nutzung der Website www.asturmint.com ist SCE derjenige, der Cookie-Dateien auf dem Endger\u00e4t platziert.<\/li>\n<li>SCE sammelt nur Daten aus den in den Cookies enthaltenen Informationen und sammelt nicht automatisch andere Informationen.<\/li>\n<li>Die Cookies werden verwendet, um Statistiken zu f\u00fchren, die es erm\u00f6glichen, den Inhalt an die Pr\u00e4ferenzen der Nutzer der Website anzupassen und zu optimieren.<\/li>\n<li>Cookies, die auf Ihrem Endger\u00e4t platziert werden, k\u00f6nnen auch von Werbetreibenden und Partnern verwendet werden, die mit dem Betreiber der Website und Google zusammenarbeiten.<\/li>\n<li>Auf der Website www.asturmint.com wird eine Art von Cookies verwendet &#8211; dauerhafte Cookies, die auf dem Endger\u00e4t f\u00fcr die in den Parametern der Cookies angegebene Zeit gespeichert werden oder bis sie von der Person, die die Website benutzt, gel\u00f6scht werden.<\/li>\n<li>\u00c4ndern Sie die Bedingungen f\u00fcr die Speicherung oder den Empfang von Cookies ist m\u00f6glich, indem Sie die Einstellungen in Ihrem Web-Browser, die Sie zu l\u00f6schen und \u00e4ndern Sie die Einstellungen von Cookies erm\u00f6glicht konfigurieren.<\/li>\n<li>Detaillierte Informationen \u00fcber die M\u00f6glichkeit und die Methoden der Verwendung von Cookies sind in den Software-Einstellungen (Webbrowser) verf\u00fcgbar.<\/li>\n<\/ol>\n<p>&nbsp;<\/p>\n<p style=\"text-align: justify;\"><strong><u>SILVERCOINS EUROPA ISTOC &amp; FERNANDEZ SP\u00d3\u0141KA JAWNA<\/u><\/strong><\/p>\n<p>Nowe Piaski 10<\/p>\n<p style=\"text-align: justify;\">27-400 Ostrowiec \u015awi\u0119tokrzyski &#8211; Polen<\/p>\n<p style=\"text-align: justify;\">Kontakt: +48 517 909 147<\/p>\n<p style=\"text-align: justify;\">E-Mail: info@asturmint.com<\/p>\n<p style=\"text-align: justify;\"><u>Eintrag ins Register<\/u>: Register der Unternehmer f\u00fcr Wroc\u0142aw des Landesgerichtsregisters. Nummer im Handelsregister: KRS 0000425965; EU-STEUERIDENTIFIKATIONSNUMMER: PL8992928783.<\/p>\n<p>&nbsp;<\/p>\n<p style=\"text-align: justify;\"><strong><u>MARKENRECHT:<\/u><\/strong><\/p>\n<p style=\"text-align: justify;\">1. Die Bezeichnungen, Warenzeichen, Logos und Markennamen, die auf der Website erw\u00e4hnt und pr\u00e4sentiert werden, sind Eigentum von SCE.<\/p>\n<p style=\"text-align: justify;\">2. Alle Materialien, d.h. Inhalte, Grafiken, Videos und Fotos, die auf der Website platziert sind, sind Eigentum von SCE und d\u00fcrfen nicht ohne Genehmigung verwendet werden. Die einzige Ausnahme ist das im Bereich &#8222;DOWNLOADS&#8220; verf\u00fcgbare Material, das nur f\u00fcr die Vermarktung und den Verkauf von OUR ASTURMINT-Produkten verwendet werden darf.<\/p>\n<p>&nbsp;<\/p>\n<p style=\"text-align: justify;\"><strong><u>Um die Rechtstexte in mehreren Sprachen zu erstellen, wurde ein \u00dcbersetzer eingesetzt. Im Falle von Schreib- oder Interpretationsfehlern ist die spanische Version ma\u00dfgebend.<\/u><\/strong><\/p>\n<p><\/p>","protected":false},"excerpt":{"rendered":"<p>Ab dem 15. November 2023 &nbsp; ALLGEMEINE GRUNDS\u00c4TZE: Diese Datenschutzerkl\u00e4rung informiert \u00fcber die Verarbeitung von Nutzerdaten durch Silvercoins Europe Istoc &amp; Fernandez Sp\u00f3\u0142ka jawna (im Folgenden SCE), die Eigent\u00fcmerin der Website www.asturmint.com. Der f\u00fcr die Datenverarbeitung Verantwortliche ist SILVERCOINS EUROPE ISTOC &amp; FERNANDEZ SP\u00d3\u0141KA JAWNA (im Folgenden SCE) mit Sitz in Ostrowiec \u015awi\u0119tokrzyski, ul. Nowe [&hellip;]<\/p>\n","protected":false},"author":4,"featured_media":0,"parent":0,"menu_order":11,"comment_status":"closed","ping_status":"closed","template":"","meta":{"inline_featured_image":false,"footnotes":""},"class_list":["post-613","page","type-page","status-publish","hentry"],"acf":[],"_links":{"self":[{"href":"http:\/\/asturmint.com\/de\/wp-json\/wp\/v2\/pages\/613","targetHints":{"allow":["GET"]}}],"collection":[{"href":"http:\/\/asturmint.com\/de\/wp-json\/wp\/v2\/pages"}],"about":[{"href":"http:\/\/asturmint.com\/de\/wp-json\/wp\/v2\/types\/page"}],"author":[{"embeddable":true,"href":"http:\/\/asturmint.com\/de\/wp-json\/wp\/v2\/users\/4"}],"replies":[{"embeddable":true,"href":"http:\/\/asturmint.com\/de\/wp-json\/wp\/v2\/comments?post=613"}],"version-history":[{"count":1,"href":"http:\/\/asturmint.com\/de\/wp-json\/wp\/v2\/pages\/613\/revisions"}],"predecessor-version":[{"id":3204,"href":"http:\/\/asturmint.com\/de\/wp-json\/wp\/v2\/pages\/613\/revisions\/3204"}],"wp:attachment":[{"href":"http:\/\/asturmint.com\/de\/wp-json\/wp\/v2\/media?parent=613"}],"curies":[{"name":"wp","href":"https:\/\/api.w.org\/{rel}","templated":true}]}}